{"id":1385,"date":"2024-07-19T00:28:04","date_gmt":"2024-07-18T22:28:04","guid":{"rendered":"https:\/\/jtcompanyabogadoss.com\/?page_id=1385"},"modified":"2024-07-22T18:04:53","modified_gmt":"2024-07-22T16:04:53","slug":"administrativo","status":"publish","type":"page","link":"https:\/\/jtcompanyabogadoss.com\/index.php\/administrativo\/","title":{"rendered":"ADMINISTRATIVO"},"content":{"rendered":"\t\t<div data-elementor-type=\"wp-page\" data-elementor-id=\"1385\" class=\"elementor elementor-1385\">\n\t\t\t\t<div class=\"elementor-element elementor-element-027b846 e-flex e-con-boxed e-con e-parent\" data-id=\"027b846\" data-element_type=\"container\">\n\t\t\t\t\t<div class=\"e-con-inner\">\n\t\t\t\t<div class=\"elementor-element elementor-element-0813c7f elementor-widget elementor-widget-image\" data-id=\"0813c7f\" data-element_type=\"widget\" data-widget_type=\"image.default\">\n\t\t\t\t<div class=\"elementor-widget-container\">\n\t\t\t\t\t\t\t\t\t\t\t\t\t<img fetchpriority=\"high\" decoding=\"async\" width=\"5760\" height=\"1950\" src=\"https:\/\/jtcompanyabogadoss.com\/wp-content\/uploads\/2024\/07\/10.png\" class=\"attachment-full size-full wp-image-1376\" alt=\"ADMINISTRATIVO\" srcset=\"https:\/\/jtcompanyabogadoss.com\/wp-content\/uploads\/2024\/07\/10.png 5760w, https:\/\/jtcompanyabogadoss.com\/wp-content\/uploads\/2024\/07\/10-300x102.png 300w, https:\/\/jtcompanyabogadoss.com\/wp-content\/uploads\/2024\/07\/10-1024x347.png 1024w, https:\/\/jtcompanyabogadoss.com\/wp-content\/uploads\/2024\/07\/10-768x260.png 768w, https:\/\/jtcompanyabogadoss.com\/wp-content\/uploads\/2024\/07\/10-1536x520.png 1536w, https:\/\/jtcompanyabogadoss.com\/wp-content\/uploads\/2024\/07\/10-2048x693.png 2048w\" sizes=\"(max-width: 5760px) 100vw, 5760px\" \/>\t\t\t\t\t\t\t\t\t\t\t\t\t<\/div>\n\t\t\t\t<\/div>\n\t\t\t\t\t<\/div>\n\t\t\t\t<\/div>\n\t\t<div class=\"elementor-element elementor-element-c7a88d7 e-flex e-con-boxed e-con e-parent\" data-id=\"c7a88d7\" data-element_type=\"container\">\n\t\t\t\t\t<div class=\"e-con-inner\">\n\t\t\t\t<div class=\"elementor-element elementor-element-ed4ef70 elementor-widget elementor-widget-heading\" data-id=\"ed4ef70\" data-element_type=\"widget\" data-widget_type=\"heading.default\">\n\t\t\t\t<div class=\"elementor-widget-container\">\n\t\t\t<h2 class=\"elementor-heading-title elementor-size-default\">ABOGADO ADMINISTRATIVO<\/h2>\t\t<\/div>\n\t\t\t\t<\/div>\n\t\t\t\t\t<\/div>\n\t\t\t\t<\/div>\n\t\t<div class=\"elementor-element elementor-element-a856fce e-flex e-con-boxed e-con e-parent\" data-id=\"a856fce\" data-element_type=\"container\">\n\t\t\t\t\t<div class=\"e-con-inner\">\n\t\t\t\t<div class=\"elementor-element elementor-element-fecb0f9 elementor-widget elementor-widget-text-editor\" data-id=\"fecb0f9\" data-element_type=\"widget\" id=\"ADMINISTRATIVO 1\" data-widget_type=\"text-editor.default\">\n\t\t\t\t<div class=\"elementor-widget-container\">\n\t\t\t\t\t\t\t<p><strong>Servicios Jur\u00eddicos en Derecho Administrativo<\/strong><\/p><ol><li><strong>Juntas M\u00e9dicas:<\/strong><\/li><\/ol><p>Gesti\u00f3n de incapacidades y reconocimientos m\u00e9dicos.<\/p><p>Defensa en casos de desacuerdo con dict\u00e1menes m\u00e9dicos.<\/p><ol start=\"2\"><li><strong>Reparaci\u00f3n Directa por Da\u00f1os y Perjuicios:<\/strong><\/li><\/ol><p>Presentaci\u00f3n de demandas por da\u00f1os y perjuicios causados por la administraci\u00f3n p\u00fablica.<\/p><p>Representaci\u00f3n en casos de responsabilidad extracontractual del Estado.<\/p><p>Asesor\u00eda en la obtenci\u00f3n de indemnizaciones por da\u00f1os sufridos.<\/p><ol start=\"3\"><li><strong>Tutelas:<\/strong><\/li><\/ol><p>Presentaci\u00f3n de acciones de tutela para la protecci\u00f3n de derechos fundamentales vulnerados.<\/p><p>Asesor\u00eda en la interposici\u00f3n de tutelas frente a la administraci\u00f3n p\u00fablica.<\/p><p>Representaci\u00f3n en procesos de tutela para la defensa de derechos fundamentales.<\/p><ol start=\"4\"><li><strong>Asesor\u00eda Jur\u00eddica Integral:<\/strong><\/li><\/ol><p>Consultor\u00eda en temas relacionados con el Derecho Administrativo.<\/p><p>Asesor\u00eda en procedimientos administrativos y contencioso-administrativos.<\/p><p>Representaci\u00f3n en litigios administrativos ante tribunales y cortes.<\/p><ol start=\"5\"><li><strong>Otros Servicios en Derecho Administrativo:<\/strong><\/li><\/ol><p>Asesor\u00eda en contratos administrativos y licitaciones p\u00fablicas.<\/p><p>Representaci\u00f3n en recursos administrativos y judiciales contra actos administrativos.<\/p><p>Asistencia en la obtenci\u00f3n de permisos, licencias y autorizaciones administrativas.<\/p><p>Cont\u00e1ctenos<\/p><p><strong>Si necesita asistencia en cualquier \u00e1rea del Derecho Administrativo, no dude en contactarnos. Estamos comprometidos con la defensa de sus derechos y la obtenci\u00f3n de los mejores resultados posibles para su caso.<\/strong><\/p>\t\t\t\t\t\t<\/div>\n\t\t\t\t<\/div>\n\t\t\t\t\t<\/div>\n\t\t\t\t<\/div>\n\t\t\t\t<\/div>\n\t\t","protected":false},"excerpt":{"rendered":"<p>ABOGADO ADMINISTRATIVO Servicios Jur\u00eddicos en Derecho Administrativo Juntas M\u00e9dicas: Gesti\u00f3n de incapacidades y reconocimientos m\u00e9dicos. Defensa en casos de desacuerdo con dict\u00e1menes m\u00e9dicos. Reparaci\u00f3n Directa por Da\u00f1os y Perjuicios: Presentaci\u00f3n de demandas por da\u00f1os y perjuicios causados por la administraci\u00f3n p\u00fablica. Representaci\u00f3n en casos de responsabilidad extracontractual del Estado. Asesor\u00eda en la obtenci\u00f3n de indemnizaciones [&hellip;]<\/p>\n","protected":false},"author":1,"featured_media":0,"parent":0,"menu_order":0,"comment_status":"closed","ping_status":"closed","template":"","meta":{"site-sidebar-layout":"no-sidebar","site-content-layout":"page-builder","ast-site-content-layout":"full-width-container","site-content-style":"default","site-sidebar-style":"default","ast-global-header-display":"","ast-banner-title-visibility":"","ast-main-header-display":"","ast-hfb-above-header-display":"","ast-hfb-below-header-display":"","ast-hfb-mobile-header-display":"","site-post-title":"disabled","ast-breadcrumbs-content":"","ast-featured-img":"disabled","footer-sml-layout":"","theme-transparent-header-meta":"","adv-header-id-meta":"","stick-header-meta":"","header-above-stick-meta":"","header-main-stick-meta":"","header-below-stick-meta":"","astra-migrate-meta-layouts":"set","ast-page-background-enabled":"default","ast-page-background-meta":{"desktop":{"background-color":"","background-image":"","background-repeat":"repeat","background-position":"center center","background-size":"auto","background-attachment":"scroll","background-type":"","background-media":"","overlay-type":"","overlay-color":"","overlay-opacity":"","overlay-gradient":""},"tablet":{"background-color":"","background-image":"","background-repeat":"repeat","background-position":"center center","background-size":"auto","background-attachment":"scroll","background-type":"","background-media":"","overlay-type":"","overlay-color":"","overlay-opacity":"","overlay-gradient":""},"mobile":{"background-color":"","background-image":"","background-repeat":"repeat","background-position":"center center","background-size":"auto","background-attachment":"scroll","background-type":"","background-media":"","overlay-type":"","overlay-color":"","overlay-opacity":"","overlay-gradient":""}},"ast-content-background-meta":{"desktop":{"background-color":"var(--ast-global-color-5)","background-image":"","background-repeat":"repeat","background-position":"center center","background-size":"auto","background-attachment":"scroll","background-type":"","background-media":"","overlay-type":"","overlay-color":"","overlay-opacity":"","overlay-gradient":""},"tablet":{"background-color":"var(--ast-global-color-5)","background-image":"","background-repeat":"repeat","background-position":"center center","background-size":"auto","background-attachment":"scroll","background-type":"","background-media":"","overlay-type":"","overlay-color":"","overlay-opacity":"","overlay-gradient":""},"mobile":{"background-color":"var(--ast-global-color-5)","background-image":"","background-repeat":"repeat","background-position":"center center","background-size":"auto","background-attachment":"scroll","background-type":"","background-media":"","overlay-type":"","overlay-color":"","overlay-opacity":"","overlay-gradient":""}},"footnotes":""},"class_list":["post-1385","page","type-page","status-publish","hentry"],"_links":{"self":[{"href":"https:\/\/jtcompanyabogadoss.com\/index.php\/wp-json\/wp\/v2\/pages\/1385","targetHints":{"allow":["GET"]}}],"collection":[{"href":"https:\/\/jtcompanyabogadoss.com\/index.php\/wp-json\/wp\/v2\/pages"}],"about":[{"href":"https:\/\/jtcompanyabogadoss.com\/index.php\/wp-json\/wp\/v2\/types\/page"}],"author":[{"embeddable":true,"href":"https:\/\/jtcompanyabogadoss.com\/index.php\/wp-json\/wp\/v2\/users\/1"}],"replies":[{"embeddable":true,"href":"https:\/\/jtcompanyabogadoss.com\/index.php\/wp-json\/wp\/v2\/comments?post=1385"}],"version-history":[{"count":14,"href":"https:\/\/jtcompanyabogadoss.com\/index.php\/wp-json\/wp\/v2\/pages\/1385\/revisions"}],"predecessor-version":[{"id":1566,"href":"https:\/\/jtcompanyabogadoss.com\/index.php\/wp-json\/wp\/v2\/pages\/1385\/revisions\/1566"}],"wp:attachment":[{"href":"https:\/\/jtcompanyabogadoss.com\/index.php\/wp-json\/wp\/v2\/media?parent=1385"}],"curies":[{"name":"wp","href":"https:\/\/api.w.org\/{rel}","templated":true}]}}