{"id":1132,"date":"2023-10-21T18:28:47","date_gmt":"2023-10-21T16:28:47","guid":{"rendered":"https:\/\/jtcompanyabogadoss.com\/?page_id=1132"},"modified":"2024-08-28T19:17:39","modified_gmt":"2024-08-28T17:17:39","slug":"nosotros","status":"publish","type":"page","link":"https:\/\/jtcompanyabogadoss.com\/index.php\/nosotros\/","title":{"rendered":"NOSOTROS"},"content":{"rendered":"\t\t<div data-elementor-type=\"wp-page\" data-elementor-id=\"1132\" class=\"elementor elementor-1132\">\n\t\t\t\t<div class=\"elementor-element elementor-element-bd7adde e-flex e-con-boxed e-con e-parent\" data-id=\"bd7adde\" data-element_type=\"container\">\n\t\t\t\t\t<div class=\"e-con-inner\">\n\t\t\t\t<div class=\"elementor-element elementor-element-7948e24 elementor-widget elementor-widget-image\" data-id=\"7948e24\" data-element_type=\"widget\" data-widget_type=\"image.default\">\n\t\t\t\t<div class=\"elementor-widget-container\">\n\t\t\t\t\t\t\t\t\t\t\t\t\t<img fetchpriority=\"high\" decoding=\"async\" width=\"4320\" height=\"1463\" src=\"https:\/\/jtcompanyabogadoss.com\/wp-content\/uploads\/2024\/07\/SALA-DE-JUNTAS-1.png\" class=\"attachment-full size-full wp-image-1480\" alt=\"\" srcset=\"https:\/\/jtcompanyabogadoss.com\/wp-content\/uploads\/2024\/07\/SALA-DE-JUNTAS-1.png 4320w, https:\/\/jtcompanyabogadoss.com\/wp-content\/uploads\/2024\/07\/SALA-DE-JUNTAS-1-300x102.png 300w, https:\/\/jtcompanyabogadoss.com\/wp-content\/uploads\/2024\/07\/SALA-DE-JUNTAS-1-1024x347.png 1024w, https:\/\/jtcompanyabogadoss.com\/wp-content\/uploads\/2024\/07\/SALA-DE-JUNTAS-1-768x260.png 768w, https:\/\/jtcompanyabogadoss.com\/wp-content\/uploads\/2024\/07\/SALA-DE-JUNTAS-1-1536x520.png 1536w, https:\/\/jtcompanyabogadoss.com\/wp-content\/uploads\/2024\/07\/SALA-DE-JUNTAS-1-2048x694.png 2048w\" sizes=\"(max-width: 4320px) 100vw, 4320px\" \/>\t\t\t\t\t\t\t\t\t\t\t\t\t<\/div>\n\t\t\t\t<\/div>\n\t\t\t\t\t<\/div>\n\t\t\t\t<\/div>\n\t\t<div class=\"elementor-element elementor-element-b05d102 e-flex e-con-boxed e-con e-parent\" data-id=\"b05d102\" data-element_type=\"container\">\n\t\t\t\t\t<div class=\"e-con-inner\">\n\t\t\t\t<div class=\"elementor-element elementor-element-31c3de8 elementor-widget elementor-widget-heading\" data-id=\"31c3de8\" data-element_type=\"widget\" data-widget_type=\"heading.default\">\n\t\t\t\t<div class=\"elementor-widget-container\">\n\t\t\t<h3 class=\"elementor-heading-title elementor-size-xl\">NOSOTROS<\/h3>\t\t<\/div>\n\t\t\t\t<\/div>\n\t\t\t\t\t<\/div>\n\t\t\t\t<\/div>\n\t\t<div class=\"elementor-element elementor-element-d9466ef e-flex e-con-boxed e-con e-parent\" data-id=\"d9466ef\" data-element_type=\"container\">\n\t\t\t\t\t<div class=\"e-con-inner\">\n\t\t\t\t<div class=\"elementor-element elementor-element-215fe1f elementor-widget-divider--view-line elementor-widget elementor-widget-divider\" data-id=\"215fe1f\" data-element_type=\"widget\" data-widget_type=\"divider.default\">\n\t\t\t\t<div class=\"elementor-widget-container\">\n\t\t\t\t\t<div class=\"elementor-divider\">\n\t\t\t<span class=\"elementor-divider-separator\">\n\t\t\t\t\t\t<\/span>\n\t\t<\/div>\n\t\t\t\t<\/div>\n\t\t\t\t<\/div>\n\t\t\t\t\t<\/div>\n\t\t\t\t<\/div>\n\t\t<div class=\"elementor-element elementor-element-1734ae1 e-flex e-con-boxed e-con e-parent\" data-id=\"1734ae1\" data-element_type=\"container\">\n\t\t\t\t\t<div class=\"e-con-inner\">\n\t\t\t\t<div class=\"elementor-element elementor-element-df91848 elementor-widget elementor-widget-text-editor\" data-id=\"df91848\" data-element_type=\"widget\" data-widget_type=\"text-editor.default\">\n\t\t\t\t<div class=\"elementor-widget-container\">\n\t\t\t\t\t\t\t<p><strong>JT COMPANY ABOGADOS <\/strong><\/p><p>Somos una firma de abogados en Colombia que ofrece servicios legales de alta calidad. Nuestro equipo de prestigiosos abogados atiende las necesidades jur\u00eddicas y multidisciplinarias a trav\u00e9s de consultor\u00eda jur\u00eddica de primer nivel. Brindamos asesor\u00eda legal integral, defensa, elaboraci\u00f3n de estrategias de defensa a nivel nacional, defensa judicial y criminal, gestiones en reparaci\u00f3n directa por da\u00f1os y perjuicios y dem\u00e1s campos del derecho.<\/p><p style=\"text-align: center;\"><strong>MISI\u00d3N<\/strong><\/p><p>Proporcionar asesor\u00eda legal integral y soluciones jur\u00eddicas innovadoras, comprometidos con la defensa de los derechos y los intereses de nuestros clientes en Colombia. Nos dedicamos a ofrecer un servicio \u00e9tico, eficiente y personalizado, garantizando la mejor representaci\u00f3n legal en cada caso, con un enfoque en la excelencia y la justicia. Nuestro equipo trabaja con integridad, transparencia y un profundo conocimiento del marco jur\u00eddico colombiano, para contribuir al bienestar y seguridad jur\u00eddica de nuestros clientes.<\/p><p style=\"text-align: center;\"><strong>VISI\u00d3N<\/strong><\/p><p>En el 2027 nos posicionaremos como una firma l\u00edder en el \u00e1mbito jur\u00eddico colombiano, reconocida por su excelencia en el servicio, innovaci\u00f3n en soluciones legales, y un firme compromiso con la justicia y la \u00e9tica profesional. Aspiramos a expandir nuestra presencia nacional, ofreciendo asesor\u00eda especializada en diversas \u00e1reas del derecho, y a ser un referente en la defensa de los derechos de nuestros clientes, fortaleciendo relaciones de confianza y obteniendo resultados que marquen la diferencia. Buscamos ser la primera opci\u00f3n para quienes requieran un aliado estrat\u00e9gico en sus asuntos legales, contribuyendo al desarrollo social y econ\u00f3mico de Colombia.<\/p><p style=\"text-align: center;\"><strong>VALORES<\/strong><\/p>\t\t\t\t\t\t<\/div>\n\t\t\t\t<\/div>\n\t\t\t\t\t<\/div>\n\t\t\t\t<\/div>\n\t\t<div class=\"elementor-element elementor-element-9e1aaf5 e-flex e-con-boxed e-con e-parent\" data-id=\"9e1aaf5\" data-element_type=\"container\">\n\t\t\t\t\t<div class=\"e-con-inner\">\n\t\t\t\t<div class=\"elementor-element elementor-element-8dac165 elementor-widget elementor-widget-image\" data-id=\"8dac165\" data-element_type=\"widget\" data-widget_type=\"image.default\">\n\t\t\t\t<div class=\"elementor-widget-container\">\n\t\t\t\t\t\t\t\t\t\t\t\t\t<img decoding=\"async\" width=\"4320\" height=\"1463\" src=\"https:\/\/jtcompanyabogadoss.com\/wp-content\/uploads\/2024\/07\/VALUE.png\" class=\"attachment-full size-full wp-image-1493\" alt=\"\" srcset=\"https:\/\/jtcompanyabogadoss.com\/wp-content\/uploads\/2024\/07\/VALUE.png 4320w, https:\/\/jtcompanyabogadoss.com\/wp-content\/uploads\/2024\/07\/VALUE-300x102.png 300w, https:\/\/jtcompanyabogadoss.com\/wp-content\/uploads\/2024\/07\/VALUE-1024x347.png 1024w, https:\/\/jtcompanyabogadoss.com\/wp-content\/uploads\/2024\/07\/VALUE-768x260.png 768w, https:\/\/jtcompanyabogadoss.com\/wp-content\/uploads\/2024\/07\/VALUE-1536x520.png 1536w, https:\/\/jtcompanyabogadoss.com\/wp-content\/uploads\/2024\/07\/VALUE-2048x694.png 2048w\" sizes=\"(max-width: 4320px) 100vw, 4320px\" \/>\t\t\t\t\t\t\t\t\t\t\t\t\t<\/div>\n\t\t\t\t<\/div>\n\t\t\t\t\t<\/div>\n\t\t\t\t<\/div>\n\t\t<div class=\"elementor-element elementor-element-d91a133 e-flex e-con-boxed e-con e-parent\" data-id=\"d91a133\" data-element_type=\"container\">\n\t\t\t\t\t<div class=\"e-con-inner\">\n\t\t\t\t<div class=\"elementor-element elementor-element-30684e4 elementor-widget elementor-widget-text-editor\" data-id=\"30684e4\" data-element_type=\"widget\" data-widget_type=\"text-editor.default\">\n\t\t\t\t<div class=\"elementor-widget-container\">\n\t\t\t\t\t\t\t<p><strong>Integridad:<\/strong> Actuamos con transparencia, honestidad y \u00e9tica en todas nuestras acciones y decisiones, garantizando la confianza de nuestros clientes.<\/p><p><strong>Compromiso:<\/strong> Nos dedicamos plenamente a cada caso, ofreciendo soluciones legales personalizadas y efectivas para proteger los intereses de nuestros clientes.<\/p><p><strong>Excelencia:<\/strong> Buscamos la perfecci\u00f3n en todos los aspectos de nuestro trabajo, manteniendo altos est\u00e1ndares de calidad en el servicio y en los resultados que ofrecemos.<\/p><p><strong>Innovaci\u00f3n:<\/strong> Adaptamos nuestras estrategias legales a los cambios del entorno, utilizando tecnolog\u00eda avanzada y enfoques creativos para resolver los desaf\u00edos legales de nuestros clientes.<\/p><p><strong>Respeto:<\/strong> Valoramos la dignidad de cada persona, manteniendo un trato justo, inclusivo y considerado hacia nuestros clientes, colegas y la sociedad en general.<\/p><p><strong>Justicia:<\/strong> Luchamos por la equidad y el respeto de la ley, defendiendo los derechos de nuestros clientes con determinaci\u00f3n y firmeza.<\/p><p><strong>Profesionalismo:<\/strong> Nos comportamos con responsabilidad, puntualidad y rigor, demostrando nuestra competencia y dedicaci\u00f3n en cada uno de los asuntos legales que gestionamos.<\/p><p style=\"text-align: center;\"><strong>PROPUESTAS DE VALOR<\/strong><\/p><p style=\"text-align: left;\"><strong>Responsabilidad:<\/strong> Nos comprometemos con cada caso, asegur\u00e1ndonos de brindar un servicio legal \u00e9tico y responsable.<br \/><strong>Resultados Exitosos:<\/strong> Nos enfocamos en obtener los mejores resultados para nuestros clientes, utilizando estrategias efectivas y personalizadas.<br \/><strong>Acompa\u00f1amiento Integral:<\/strong> No vemos solo el problema, sino tambi\u00e9n a la persona y su entorno, ofreciendo un apoyo completo durante todo el proceso legal.<br \/><strong>Virtualidad:<\/strong> Estamos al alcance de nuestros clientes sin tener que salir de casa. Nuestras oficinas est\u00e1n a un clic.<br \/><strong>Practicidad:<\/strong> No hay problemas sin soluci\u00f3n, pero la soluci\u00f3n no puede ser un problema. Simple siempre.<br \/><strong>Asequibilidad:<\/strong> Buscamos siempre la forma de garantizar a nuestros clientes acceso a nuestros abogados y servicios de manera econ\u00f3mica.<\/p><p>\u00a0<\/p>\t\t\t\t\t\t<\/div>\n\t\t\t\t<\/div>\n\t\t\t\t\t<\/div>\n\t\t\t\t<\/div>\n\t\t\t\t<\/div>\n\t\t","protected":false},"excerpt":{"rendered":"<p>NOSOTROS JT COMPANY ABOGADOS Somos una firma de abogados en Colombia que ofrece servicios legales de alta calidad. Nuestro equipo de prestigiosos abogados atiende las necesidades jur\u00eddicas y multidisciplinarias a trav\u00e9s de consultor\u00eda jur\u00eddica de primer nivel. Brindamos asesor\u00eda legal integral, defensa, elaboraci\u00f3n de estrategias de defensa a nivel nacional, defensa judicial y criminal, gestiones [&hellip;]<\/p>\n","protected":false},"author":1,"featured_media":0,"parent":0,"menu_order":0,"comment_status":"closed","ping_status":"closed","template":"","meta":{"site-sidebar-layout":"no-sidebar","site-content-layout":"page-builder","ast-site-content-layout":"full-width-container","site-content-style":"default","site-sidebar-style":"default","ast-global-header-display":"","ast-banner-title-visibility":"","ast-main-header-display":"","ast-hfb-above-header-display":"","ast-hfb-below-header-display":"","ast-hfb-mobile-header-display":"","site-post-title":"disabled","ast-breadcrumbs-content":"","ast-featured-img":"disabled","footer-sml-layout":"","theme-transparent-header-meta":"","adv-header-id-meta":"","stick-header-meta":"","header-above-stick-meta":"","header-main-stick-meta":"","header-below-stick-meta":"","astra-migrate-meta-layouts":"set","ast-page-background-enabled":"default","ast-page-background-meta":{"desktop":{"background-color":"","background-image":"","background-repeat":"repeat","background-position":"center center","background-size":"auto","background-attachment":"scroll","background-type":"","background-media":"","overlay-type":"","overlay-color":"","overlay-opacity":"","overlay-gradient":""},"tablet":{"background-color":"","background-image":"","background-repeat":"repeat","background-position":"center center","background-size":"auto","background-attachment":"scroll","background-type":"","background-media":"","overlay-type":"","overlay-color":"","overlay-opacity":"","overlay-gradient":""},"mobile":{"background-color":"","background-image":"","background-repeat":"repeat","background-position":"center center","background-size":"auto","background-attachment":"scroll","background-type":"","background-media":"","overlay-type":"","overlay-color":"","overlay-opacity":"","overlay-gradient":""}},"ast-content-background-meta":{"desktop":{"background-color":"var(--ast-global-color-5)","background-image":"","background-repeat":"repeat","background-position":"center center","background-size":"auto","background-attachment":"scroll","background-type":"","background-media":"","overlay-type":"","overlay-color":"","overlay-opacity":"","overlay-gradient":""},"tablet":{"background-color":"var(--ast-global-color-5)","background-image":"","background-repeat":"repeat","background-position":"center center","background-size":"auto","background-attachment":"scroll","background-type":"","background-media":"","overlay-type":"","overlay-color":"","overlay-opacity":"","overlay-gradient":""},"mobile":{"background-color":"var(--ast-global-color-5)","background-image":"","background-repeat":"repeat","background-position":"center center","background-size":"auto","background-attachment":"scroll","background-type":"","background-media":"","overlay-type":"","overlay-color":"","overlay-opacity":"","overlay-gradient":""}},"footnotes":""},"class_list":["post-1132","page","type-page","status-publish","hentry"],"_links":{"self":[{"href":"https:\/\/jtcompanyabogadoss.com\/index.php\/wp-json\/wp\/v2\/pages\/1132","targetHints":{"allow":["GET"]}}],"collection":[{"href":"https:\/\/jtcompanyabogadoss.com\/index.php\/wp-json\/wp\/v2\/pages"}],"about":[{"href":"https:\/\/jtcompanyabogadoss.com\/index.php\/wp-json\/wp\/v2\/types\/page"}],"author":[{"embeddable":true,"href":"https:\/\/jtcompanyabogadoss.com\/index.php\/wp-json\/wp\/v2\/users\/1"}],"replies":[{"embeddable":true,"href":"https:\/\/jtcompanyabogadoss.com\/index.php\/wp-json\/wp\/v2\/comments?post=1132"}],"version-history":[{"count":28,"href":"https:\/\/jtcompanyabogadoss.com\/index.php\/wp-json\/wp\/v2\/pages\/1132\/revisions"}],"predecessor-version":[{"id":1681,"href":"https:\/\/jtcompanyabogadoss.com\/index.php\/wp-json\/wp\/v2\/pages\/1132\/revisions\/1681"}],"wp:attachment":[{"href":"https:\/\/jtcompanyabogadoss.com\/index.php\/wp-json\/wp\/v2\/media?parent=1132"}],"curies":[{"name":"wp","href":"https:\/\/api.w.org\/{rel}","templated":true}]}}